{"id":1380,"date":"2023-02-21T22:12:02","date_gmt":"2023-02-21T22:12:02","guid":{"rendered":"https:\/\/vikingeventet.no\/?page_id=1380"},"modified":"2023-02-22T22:11:03","modified_gmt":"2023-02-22T22:11:03","slug":"turforslag","status":"publish","type":"page","link":"https:\/\/2023.vikingeventet.no\/en\/turforslag\/","title":{"rendered":"Turforslag"},"content":{"rendered":"<p>Her er forslag til turer du kan ta i Vestfold, n\u00e5r du er p\u00e5 bes\u00f8k. <\/p>\n\n\n\n<p>VIKINGSKIPET GEOART<\/p>\n\n\n\n<figure class=\"wp-block-image size-full\"><img decoding=\"async\" loading=\"lazy\" width=\"793\" height=\"603\" src=\"https:\/\/vikingeventet.no\/wp-content\/uploads\/2019\/10\/Skjermbilde-1.jpg\" alt=\"\" class=\"wp-image-702\" srcset=\"https:\/\/2023.vikingeventet.no\/wp-content\/uploads\/2019\/10\/Skjermbilde-1.jpg 793w, https:\/\/2023.vikingeventet.no\/wp-content\/uploads\/2019\/10\/Skjermbilde-1-300x228.jpg 300w, https:\/\/2023.vikingeventet.no\/wp-content\/uploads\/2019\/10\/Skjermbilde-1-768x584.jpg 768w\" sizes=\"(max-width: 767px) 89vw, (max-width: 1000px) 54vw, (max-width: 1071px) 543px, 580px\" \/><figcaption class=\"wp-element-caption\">Vikingskipet geoart<\/figcaption><\/figure>\n\n\n\n<p>Vikingskipet geoart best\u00e5r av 190 cacher, fordelt p\u00e5 113 multcacher og 77 mystericacher. Alle oppgavene skal v\u00e6re forholdsvis enkle \u00e5 l\u00f8se.<\/p>\n\n\n\n<p>Husk \u00e5 lagre alt lokalt p\u00e5 telefon \/ GPS, da det er sv\u00e6rt d\u00e5rlig mobildekning mange steder.<\/p>\n\n\n\n<p>Starten finner du her: <a href=\"http:\/\/GC88FEW #1 Vikingskipet\" target=\"_blank\" rel=\"noreferrer noopener\">http:\/\/GC88FEW #1 Vikingskipet<\/a><\/p>\n\n\n\n<p>VESTFOLD VIKINGS POWERTRIAL<\/p>\n\n\n\n<p><\/p>\n\n\n\n<figure class=\"wp-block-image size-full\"><img decoding=\"async\" loading=\"lazy\" width=\"616\" height=\"649\" src=\"https:\/\/vikingeventet.no\/wp-content\/uploads\/2019\/10\/Skjermbilde-6.jpg\" alt=\"\" class=\"wp-image-709\" srcset=\"https:\/\/2023.vikingeventet.no\/wp-content\/uploads\/2019\/10\/Skjermbilde-6.jpg 616w, https:\/\/2023.vikingeventet.no\/wp-content\/uploads\/2019\/10\/Skjermbilde-6-285x300.jpg 285w\" sizes=\"(max-width: 616px) 100vw, 616px\" \/><figcaption class=\"wp-element-caption\">Vestfold Vikings powertrail<\/figcaption><\/figure>\n\n\n\n<p>Vestfold Vikings powertrail best\u00e5r av 300 tradisjonelle cacher langs sm\u00e5veier i Vestfold. Trailen ble publisert i 2012, og har  mottatt over 200 000 funnlogger siden publisering.<\/p>\n\n\n\n<p>Starten p\u00e5 trailen og mer informasjon finner du her: <a href=\"https:\/\/www.geocaching.com\/geocache\/GC3DGH6_v-v-pt-001\" data-type=\"page\" target=\"_blank\" rel=\"noreferrer noopener\">GC3DGH6 V.V. PT #001<\/a><\/p>\n\n\n\n<p>HORTEN LAB TRAIL<\/p>\n\n\n\n<figure class=\"wp-block-image size-full\"><img decoding=\"async\" loading=\"lazy\" width=\"326\" height=\"530\" src=\"https:\/\/vikingeventet.no\/wp-content\/uploads\/2023\/02\/IMG_5025.jpeg\" alt=\"\" class=\"wp-image-1397\" srcset=\"https:\/\/2023.vikingeventet.no\/wp-content\/uploads\/2023\/02\/IMG_5025.jpeg 326w, https:\/\/2023.vikingeventet.no\/wp-content\/uploads\/2023\/02\/IMG_5025-185x300.jpeg 185w, https:\/\/2023.vikingeventet.no\/wp-content\/uploads\/2023\/02\/IMG_5025-7x12.jpeg 7w\" sizes=\"(max-width: 326px) 100vw, 326px\" \/><\/figure>\n\n\n\n<p>Trailen ble publisert h\u00f8sten 2022, og er for tiden Norges lengste, med 645 lab punkter. Starten er rett utenfor porten til event omr\u00e5det.<\/p>\n\n\n\n<p>THE GUITAR &#8211; GEOART<\/p>\n\n\n\n<figure class=\"wp-block-image size-full\"><img decoding=\"async\" loading=\"lazy\" width=\"719\" height=\"558\" src=\"https:\/\/vikingeventet.no\/wp-content\/uploads\/2019\/10\/Skjermbilde-3.jpg\" alt=\"\" class=\"wp-image-705\" srcset=\"https:\/\/2023.vikingeventet.no\/wp-content\/uploads\/2019\/10\/Skjermbilde-3.jpg 719w, https:\/\/2023.vikingeventet.no\/wp-content\/uploads\/2019\/10\/Skjermbilde-3-300x233.jpg 300w\" sizes=\"(max-width: 719px) 100vw, 719px\" \/><\/figure>\n\n\n\n<p>The Guitar er en Geoart som best\u00e5r av 58 geocacher, der 4 er en liten g\u00e5tur, og resten er Park &amp; Grab. Turen er p\u00e5 lite trafikerte- og skogsbilveier. <\/p>\n\n\n\n<p>Mer info p\u00e5: <a href=\"https:\/\/www.geocaching.com\/geocache\/GC8A7DB\" data-type=\"URL\" data-id=\"https:\/\/www.geocaching.com\/geocache\/GC8A7DB\">GC8A7DB The Guitar 1 # 360<\/a><\/p>\n\n\n\n<p><\/p>\n\n\n\n<p><\/p>\n\n\n\n<p><\/p>","protected":false},"excerpt":{"rendered":"<p>Her er forslag til turer du kan ta i Vestfold, n\u00e5r du er p\u00e5 bes\u00f8k. VIKINGSKIPET GEOART Vikingskipet geoart best\u00e5r av 190 cacher, fordelt p\u00e5 113 multcacher og 77 mystericacher. Alle oppgavene skal v\u00e6re forholdsvis enkle \u00e5 l\u00f8se. Husk \u00e5 lagre alt lokalt p\u00e5 telefon \/ GPS, da det er sv\u00e6rt d\u00e5rlig mobildekning mange steder. &hellip; <\/p>\n<p class=\"link-more\"><a href=\"https:\/\/2023.vikingeventet.no\/en\/turforslag\/\" class=\"more-link\">Continue reading<span class=\"screen-reader-text\"> &laquo;Turforslag&raquo;<\/span><\/a><\/p>","protected":false},"author":10,"featured_media":0,"parent":0,"menu_order":0,"comment_status":"closed","ping_status":"closed","template":"","meta":[],"_links":{"self":[{"href":"https:\/\/2023.vikingeventet.no\/en\/wp-json\/wp\/v2\/pages\/1380"}],"collection":[{"href":"https:\/\/2023.vikingeventet.no\/en\/wp-json\/wp\/v2\/pages"}],"about":[{"href":"https:\/\/2023.vikingeventet.no\/en\/wp-json\/wp\/v2\/types\/page"}],"author":[{"embeddable":true,"href":"https:\/\/2023.vikingeventet.no\/en\/wp-json\/wp\/v2\/users\/10"}],"replies":[{"embeddable":true,"href":"https:\/\/2023.vikingeventet.no\/en\/wp-json\/wp\/v2\/comments?post=1380"}],"version-history":[{"count":7,"href":"https:\/\/2023.vikingeventet.no\/en\/wp-json\/wp\/v2\/pages\/1380\/revisions"}],"predecessor-version":[{"id":1408,"href":"https:\/\/2023.vikingeventet.no\/en\/wp-json\/wp\/v2\/pages\/1380\/revisions\/1408"}],"wp:attachment":[{"href":"https:\/\/2023.vikingeventet.no\/en\/wp-json\/wp\/v2\/media?parent=1380"}],"curies":[{"name":"wp","href":"https:\/\/api.w.org\/{rel}","templated":true}]}}