{"id":35,"date":"2017-09-20T19:13:14","date_gmt":"2017-09-20T19:13:14","guid":{"rendered":"http:\/\/vikingeventet.no\/?page_id=35"},"modified":"2023-05-30T19:44:06","modified_gmt":"2023-05-30T19:44:06","slug":"event-program","status":"publish","type":"page","link":"https:\/\/2023.vikingeventet.no\/en\/","title":{"rendered":""},"content":{"rendered":"<h1><strong>Vestfold Vikings vil takke alle som deltok p\u00e5 Vikingevent 2023 i Borreparken, og gjorde dette til det st\u00f8rste geocaching eventet i Norge noen gang.<\/strong><\/h1>\n\n\n<div class=\"wp-block-image\">\n<figure class=\"aligncenter size-full\"><img decoding=\"async\" loading=\"lazy\" width=\"982\" height=\"944\" src=\"https:\/\/vikingeventet.no\/wp-content\/uploads\/2023\/02\/Logo-farger.jpg\" alt=\"\" class=\"wp-image-1388\" srcset=\"https:\/\/2023.vikingeventet.no\/wp-content\/uploads\/2023\/02\/Logo-farger.jpg 982w, https:\/\/2023.vikingeventet.no\/wp-content\/uploads\/2023\/02\/Logo-farger-300x288.jpg 300w, https:\/\/2023.vikingeventet.no\/wp-content\/uploads\/2023\/02\/Logo-farger-768x738.jpg 768w, https:\/\/2023.vikingeventet.no\/wp-content\/uploads\/2023\/02\/Logo-farger-12x12.jpg 12w\" sizes=\"(max-width: 767px) 89vw, (max-width: 1000px) 54vw, (max-width: 1071px) 543px, 580px\" \/><\/figure><\/div>\n\n\n<center><img decoding=\"async\" loading=\"lazy\" src=\"https:\/\/s3.amazonaws.com\/gs-geo-images\/2568f27a-70b2-41bc-884d-d5f44b2aefcb_l.jpg\" width=\"150\" height=\"150\"><\/center>\n\n\n\n<p><strong>Vikingeventet ble for syvende gang arrangert i Norge, og for en dag det ble.<br>Str\u00e5lende sol (om enn litt mye vind) og masse blide geocachere p\u00e5 event.<br>Vi h\u00e5per alle har hatt en fin dag (eller flere) med geocaching i Horten og Vestfold.<\/strong><\/p>\n\n\n\n<p><strong>Takk til staben som har v\u00e6rt med \u00e5 bidra til at dette ble et vellykket arrangement, og Vestfold Vikings gratulerer Odins GeoRavner som arrang\u00f8r neste \u00e5r og \u00f8nsker lykke til med Vikingevent 2024:<\/strong><\/p>\n\n\n\n<p><a href=\"https:\/\/www.geocaching.com\/geocache\/GCA8XVR\">https:\/\/www.geocaching.com\/geocache\/GCA8XVR<\/a><\/p>\n\n\n\n<p><a href=\"https:\/\/www.facebook.com\/groups\/6756999574314096\">https:\/\/www.facebook.com\/groups\/6756999574314096<\/a><\/p>\n\n\n\n<figure class=\"wp-block-image size-full\"><img decoding=\"async\" loading=\"lazy\" width=\"640\" height=\"640\" src=\"https:\/\/vikingeventet.no\/wp-content\/uploads\/2023\/04\/Engelsk-logo.jpg\" alt=\"\" class=\"wp-image-1515\" srcset=\"https:\/\/2023.vikingeventet.no\/wp-content\/uploads\/2023\/04\/Engelsk-logo.jpg 640w, https:\/\/2023.vikingeventet.no\/wp-content\/uploads\/2023\/04\/Engelsk-logo-300x300.jpg 300w, https:\/\/2023.vikingeventet.no\/wp-content\/uploads\/2023\/04\/Engelsk-logo-150x150.jpg 150w, https:\/\/2023.vikingeventet.no\/wp-content\/uploads\/2023\/04\/Engelsk-logo-12x12.jpg 12w, https:\/\/2023.vikingeventet.no\/wp-content\/uploads\/2023\/04\/Engelsk-logo-100x100.jpg 100w\" sizes=\"(max-width: 640px) 100vw, 640px\" \/><\/figure>\n\n\n\n<p><strong>Vestfold Vikings would like to thank everyone that attended Vikingevent 2023 in Borreparken.<br>Vikingevent was hosted for the seventh time in Norway, and what a day it was.<br>Sun shining (although a bit windy) and lots of cheerfull geocachers at event.<br>We hope everyone had a nice day (or more) geocaching in Horten and Vestfold.<\/strong><\/p>\n\n\n\n<p><strong>A big thanks to the crew who has contributed to making this a successfull event, and Vestfold Vikings congratulates Odins GeoRavner as host for next years event, wishing them good luck with Vikingevent 2024:<\/strong><\/p>\n\n\n\n<p><a href=\"https:\/\/www.geocaching.com\/geocache\/GCA8XVR\">https:\/\/www.geocaching.com\/geocache\/GCA8XVR<\/a><\/p>\n\n\n\n<p><a href=\"https:\/\/www.facebook.com\/groups\/6756999574314096\">https:\/\/www.facebook.com\/groups\/6756999574314096<\/a><\/p>","protected":false},"excerpt":{"rendered":"<p>Vestfold Vikings vil takke alle som deltok p\u00e5 Vikingevent 2023 i Borreparken, og gjorde dette til det st\u00f8rste geocaching eventet i Norge noen gang. Vikingeventet ble for syvende gang arrangert i Norge, og for en dag det ble.Str\u00e5lende sol (om enn litt mye vind) og masse blide geocachere p\u00e5 event.Vi h\u00e5per alle har hatt en &hellip; <\/p>\n<p class=\"link-more\"><a href=\"https:\/\/2023.vikingeventet.no\/en\/\" class=\"more-link\">Continue reading<span class=\"screen-reader-text\"> &laquo;&raquo;<\/span><\/a><\/p>","protected":false},"author":10,"featured_media":0,"parent":0,"menu_order":0,"comment_status":"closed","ping_status":"closed","template":"","meta":[],"_links":{"self":[{"href":"https:\/\/2023.vikingeventet.no\/en\/wp-json\/wp\/v2\/pages\/35"}],"collection":[{"href":"https:\/\/2023.vikingeventet.no\/en\/wp-json\/wp\/v2\/pages"}],"about":[{"href":"https:\/\/2023.vikingeventet.no\/en\/wp-json\/wp\/v2\/types\/page"}],"author":[{"embeddable":true,"href":"https:\/\/2023.vikingeventet.no\/en\/wp-json\/wp\/v2\/users\/10"}],"replies":[{"embeddable":true,"href":"https:\/\/2023.vikingeventet.no\/en\/wp-json\/wp\/v2\/comments?post=35"}],"version-history":[{"count":126,"href":"https:\/\/2023.vikingeventet.no\/en\/wp-json\/wp\/v2\/pages\/35\/revisions"}],"predecessor-version":[{"id":1536,"href":"https:\/\/2023.vikingeventet.no\/en\/wp-json\/wp\/v2\/pages\/35\/revisions\/1536"}],"wp:attachment":[{"href":"https:\/\/2023.vikingeventet.no\/en\/wp-json\/wp\/v2\/media?parent=35"}],"curies":[{"name":"wp","href":"https:\/\/api.w.org\/{rel}","templated":true}]}}