{"id":39,"date":"2017-09-20T19:16:00","date_gmt":"2017-09-20T19:16:00","guid":{"rendered":"http:\/\/vikingeventet.no\/?page_id=39"},"modified":"2023-02-21T21:40:30","modified_gmt":"2023-02-21T21:40:30","slug":"kontakt-oss","status":"publish","type":"page","link":"https:\/\/2023.vikingeventet.no\/en\/kontakt-oss\/","title":{"rendered":"Contact us"},"content":{"rendered":"<p>Vi h\u00e5per at alle som har mulighet og \u00f8nske om \u00e5 komme til Horten for Vikingevent 2023<\/p>\n\n\n\n<p>If you have some questions, wishes or feedback we would love to hear from you. <\/p>\n\n\n\n<p>Contact us at <a href=\"https:\/\/www.geocaching.com\/p\/?guid=8469cfa2-6711-4611-883b-0c91fba4b1e7\">Vestfold Vikings p\u00e5 geocaching<\/a><\/p>\n\n\n\n<p>Or send an e-mail to: <strong>vestfoldvikings@gmail.com<\/strong><\/p>\n\n\n\n<p><\/p>\n\n\n\n<p>Du kan ogs\u00e5 ta kontakt med styreleder i Vestfold Vikings:   <a href=\"mailto:ingermonasevlejordet@gmail.com\">Mona Sevlejordet<\/a><\/p>\n\n\n\n<p><\/p>","protected":false},"excerpt":{"rendered":"<p>Vi h\u00e5per at alle som har mulighet og \u00f8nske om \u00e5 komme til Horten for Vikingevent 2023 Skulle du ha noen sp\u00f8rsm\u00e5l, \u00f8nsker eller tilbakemeldinger s\u00e5 ikke n\u00f8l med \u00e5 ta kontakt med oss. Ta kontakt med Vestfold Vikings p\u00e5 geocaching Eller send epost til: vestfoldvikings@gmail.com Du kan ogs\u00e5 ta kontakt med styreleder i Vestfold &hellip; <\/p>\n<p class=\"link-more\"><a href=\"https:\/\/2023.vikingeventet.no\/en\/kontakt-oss\/\" class=\"more-link\">Continue reading<span class=\"screen-reader-text\"> &laquo;Kontakt oss&raquo;<\/span><\/a><\/p>","protected":false},"author":10,"featured_media":0,"parent":0,"menu_order":0,"comment_status":"closed","ping_status":"closed","template":"","meta":[],"_links":{"self":[{"href":"https:\/\/2023.vikingeventet.no\/en\/wp-json\/wp\/v2\/pages\/39"}],"collection":[{"href":"https:\/\/2023.vikingeventet.no\/en\/wp-json\/wp\/v2\/pages"}],"about":[{"href":"https:\/\/2023.vikingeventet.no\/en\/wp-json\/wp\/v2\/types\/page"}],"author":[{"embeddable":true,"href":"https:\/\/2023.vikingeventet.no\/en\/wp-json\/wp\/v2\/users\/10"}],"replies":[{"embeddable":true,"href":"https:\/\/2023.vikingeventet.no\/en\/wp-json\/wp\/v2\/comments?post=39"}],"version-history":[{"count":35,"href":"https:\/\/2023.vikingeventet.no\/en\/wp-json\/wp\/v2\/pages\/39\/revisions"}],"predecessor-version":[{"id":1372,"href":"https:\/\/2023.vikingeventet.no\/en\/wp-json\/wp\/v2\/pages\/39\/revisions\/1372"}],"wp:attachment":[{"href":"https:\/\/2023.vikingeventet.no\/en\/wp-json\/wp\/v2\/media?parent=39"}],"curies":[{"name":"wp","href":"https:\/\/api.w.org\/{rel}","templated":true}]}}